{"id":2733,"date":"2025-02-20T10:45:51","date_gmt":"2025-02-20T13:45:51","guid":{"rendered":"https:\/\/nitt.uepa.br\/?page_id=2733"},"modified":"2025-02-24T10:53:47","modified_gmt":"2025-02-24T13:53:47","slug":"patente-4","status":"publish","type":"page","link":"https:\/\/nitt.uepa.br\/index.php\/patente-4\/","title":{"rendered":"Patente"},"content":{"rendered":"\n<div class=\"wp-block-uagb-container uagb-block-c3249b30 alignfull uagb-is-root-container\"><div class=\"uagb-container__shape uagb-container__shape-bottom uagb-container__invert\" data-negative=\"false\"><svg xmlns=\"https:\/\/www.w3.org\/2000\/svg\" viewBox=\"0 0 1000 100\" preserveAspectRatio=\"none\"><path class=\"uagb-container__shape-fill\" d=\"M0,0c0,0,0,6,0,6.7c0,18,240.2,93.6,615.2,92.6C989.8,98.5,1000,25,1000,6.7c0-0.7,0-6.7,0-6.7H0z\"><\/path><\/svg><\/div><div class=\"uagb-container-inner-blocks-wrap\">\n<div class=\"wp-block-uagb-buttons uagb-buttons__outer-wrap uagb-btn__default-btn uagb-btn-tablet__default-btn uagb-btn-mobile__default-btn uagb-block-be1a47ef\"><div class=\"uagb-buttons__wrap uagb-buttons-layout-wrap\">\n<div class=\"wp-block-uagb-buttons-child uagb-buttons__outer-wrap uagb-block-19d76df2 wp-block-button\"><div class=\"uagb-button__wrapper\"><a class=\"uagb-buttons-repeater wp-block-button__link\" href=\"\/\/nitt.uepa.br\/index.php\/propriedade-insdustrial\/\" onclick=\"return true;\" rel=\"follow noopener\" target=\"_self\"><div class=\"uagb-button__link\">&lt;-Voltar<\/div><\/a><\/div><\/div>\n<\/div><\/div>\n\n\n\n<div class=\"wp-block-uagb-advanced-heading uagb-block-c64ea737\"><h2 class=\"uagb-heading-text\">Patente<\/h2><div class=\"uagb-separator\"><\/div><\/div>\n\n\n\n<div class=\"wp-block-uagb-image uagb-block-2195c9cd wp-block-uagb-image--layout-default wp-block-uagb-image--effect-static wp-block-uagb-image--align-none\"><figure class=\"wp-block-uagb-image__figure\"><img decoding=\"async\" srcset=\"https:\/\/nitt.uepa.br\/wp-content\/uploads\/2022\/12\/Patente.png ,https:\/\/nitt.uepa.br\/wp-content\/uploads\/2022\/12\/Patente.png 780w, https:\/\/nitt.uepa.br\/wp-content\/uploads\/2022\/12\/Patente.png 360w\" sizes=\"auto, (max-width: 480px) 150px\" src=\"https:\/\/nitt.uepa.br\/wp-content\/uploads\/2022\/12\/Patente.png\" alt=\"\" class=\"uag-image-1487\" width=\"979\" height=\"644\" title=\"\" loading=\"lazy\"\/><\/figure><\/div>\n\n\n\n<div class=\"wp-block-uagb-container uagb-block-3844bb8d\">\n<h4 class=\"wp-block-heading\" style=\"margin-top:0;margin-bottom:0;font-size:24px;font-style:normal;font-weight:800\">O que \u00e9?<\/h4>\n\n\n\n<p class=\"justify\" style=\"margin-top:var(--wp--preset--spacing--20);margin-bottom:var(--wp--preset--spacing--20)\">Patente \u00e9 um t\u00edtulo tempor\u00e1rio de propriedade industrial, estabelecido por lei e outorgado pelo Estado. Seu objetivo \u00e9 proteger inven\u00e7\u00f5es ou modelos de utilidades e garantir a prioridade do usufruto econ\u00f4mico ao detentor da patente ou a quem ele autorizar.<\/p>\n<\/div>\n\n\n\n<div class=\"wp-block-uagb-container uagb-block-3236c14c\">\n<h4 class=\"wp-block-heading\" style=\"margin-top:0;margin-bottom:0;font-size:24px;font-style:normal;font-weight:800\">Tipos de Patente<\/h4>\n\n\n\n<ul class=\"wp-block-list\" style=\"margin-top:var(--wp--preset--spacing--20);margin-bottom:var(--wp--preset--spacing--20);line-height:1.5\">\n<li class=\"justify\" style=\"margin-top:0;margin-bottom:0\"><strong>Patente de Inven\u00e7\u00e3o (P.I)<\/strong><br>Aplic\u00e1vel quando se cria um objeto ou atividade industrial totalmente <strong>nova<\/strong>, de car\u00e1ter t\u00e9cnico que possa ser reproduzida industrialmente.<\/li>\n\n\n\n<li class=\"justify\"><strong>Modelo de Utilidade (M.U)<\/strong><br>Aplic\u00e1vel quando se cria um objeto de uso pr\u00e1tico ou parte deste, que resulte na modifica\u00e7\u00e3o de um outro objeto j\u00e1 existente.<\/li>\n<\/ul>\n<\/div>\n\n\n\n<div class=\"wp-block-uagb-container uagb-block-20097ebb\">\n<h4 class=\"wp-block-heading\" style=\"margin-top:0;margin-bottom:0;font-size:24px;font-style:normal;font-weight:800\">Requisitos<\/h4>\n\n\n\n<ul class=\"wp-block-list\" style=\"margin-top:var(--wp--preset--spacing--20);margin-bottom:var(--wp--preset--spacing--20);line-height:1.5\">\n<li class=\"justify\"><strong>NOVO:<\/strong> quando n\u00e3o tornado p\u00fablico por qualquer meio de comunica\u00e7\u00e3o.<\/li>\n\n\n\n<li class=\"justify\"><strong>ATO INVENTIVO:<\/strong><br><strong><em>a) Para P.I.:<\/em><\/strong> Art. 13. A inven\u00e7\u00e3o \u00e9 dotada de atividade inventiva, sempre que, para um t\u00e9cnico no assunto, n\u00e3o decorra de maneira evidente ou \u00f3bvia do estado da t\u00e9cnica.<br><strong><em>b)Para M.U.:<\/em><\/strong> Art. 14. O modelo de utilidade \u00e9 dotado de ato inventivo sempre que, para um t\u00e9cnico no assunto, n\u00e3o decorra de maneira comum ou vulgar do estado da t\u00e9cnica.<br><em>\u00a7 1\u00ba: <\/em>O estado da t\u00e9cnica \u00e9 constitu\u00eddo por tudo aquilo tornado acess\u00edvel ao p\u00fablico antes da data de dep\u00f3sito do pedido, no Brasil ou no exterior, por uso ou qualquer outro meio.<\/li>\n\n\n\n<li class=\"justify\"><strong>FABRICA\u00c7\u00c3O INDUSTRIAL:<\/strong> A configura\u00e7\u00e3o do desenho industrial deve permitir sua produ\u00e7\u00e3o em escala industrial.<\/li>\n\n\n\n<li class=\"justify\"><strong>SUFICI\u00caNCIA DESCRITIVA:<\/strong> Obriga que a inven\u00e7\u00e3o ou cria\u00e7\u00e3o deva ser descrita de forma perfeitamente clara e completa de modo a permitir sua reprodu\u00e7\u00e3o por um t\u00e9cnico no assunto. <\/li>\n<\/ul>\n<\/div>\n\n\n\n<div class=\"wp-block-uagb-container uagb-block-ed13e4d1\">\n<div class=\"wp-block-uagb-info-box uagb-block-3a7cfa1a uagb-infobox__content-wrap  uagb-infobox-icon-above-title uagb-infobox-image-valign-top justify\"><div class=\"uagb-ifb-content\"><div class=\"uagb-ifb-title-wrap\"><h4 class=\"uagb-ifb-title\">Procedimento para prote\u00e7\u00e3o atrav\u00e9s do NITT<\/h4><\/div><p class=\"uagb-ifb-desc\">\u00c9 muito importante que a pesquisa n\u00e3o seja divulgada publicamente antes do processo de prote\u00e7\u00e3o, uma vez que um dos requisitos exigidos \u00e9 a novidade.<br><br>Se voc\u00ea identificou potencial de patenteabilidade na sua pesquisa, entre em contato com o NITT atrav\u00e9s do e-mail (nitt@uepa.br), anexando todas as informa\u00e7\u00f5es sobre o objeto ou processo a ser protegido, para que seja feita a verifica\u00e7\u00e3o de viabilidade.<br><br>Caso j\u00e1 tenha nos contactado e deseja iniciar o preenchimento Formul\u00e1rio de Qualifica\u00e7\u00e3o de Inven\u00e7\u00e3o referente \u00e0 <strong>PATENTES<\/strong>, clique no bot\u00e3o abaixo:<br><\/p><div class=\"uagb-ifb-button-wrapper wp-block-button\"><a href=\"https:\/\/docs.google.com\/forms\/d\/1hx6AV1mJ0MdFkqETXTo2Mj_4756-8Jqj70HPDHvkYL8\/edit?usp=drive_web\" class=\"uagb-infobox-cta-link wp-block-button__link\" target=\"_blank\" rel=\"noopener noreferrer\" onclick=\"return true;\" alt=\"\"><span class=\"uagb-inline-editing\">Clique aqui<\/span><\/a><\/div><\/div><\/div>\n<\/div>\n<\/div><\/div>\n","protected":false},"excerpt":{"rendered":"<p>Patente O que \u00e9? Patente \u00e9 um t\u00edtulo tempor\u00e1rio de propriedade industrial, estabelecido por lei e outorgado pelo Estado. Seu objetivo \u00e9 proteger inven\u00e7\u00f5es ou modelos de utilidades e garantir a prioridade do usufruto econ\u00f4mico ao detentor da patente ou a quem ele autorizar. Tipos de Patente Requisitos<\/p>\n","protected":false},"author":5,"featured_media":0,"parent":0,"menu_order":0,"comment_status":"closed","ping_status":"closed","template":"","meta":{"_uag_custom_page_level_css":"","site-sidebar-layout":"default","site-content-layout":"","ast-site-content-layout":"default","site-content-style":"default","site-sidebar-style":"default","ast-global-header-display":"","ast-banner-title-visibility":"","ast-main-header-display":"","ast-hfb-above-header-display":"","ast-hfb-below-header-display":"","ast-hfb-mobile-header-display":"","site-post-title":"disabled","ast-breadcrumbs-content":"","ast-featured-img":"","footer-sml-layout":"","theme-transparent-header-meta":"","adv-header-id-meta":"","stick-header-meta":"","header-above-stick-meta":"","header-main-stick-meta":"","header-below-stick-meta":"","astra-migrate-meta-layouts":"set","ast-page-background-enabled":"default","ast-page-background-meta":{"desktop":{"background-color":"var(--ast-global-color-4)","background-image":"","background-repeat":"repeat","background-position":"center center","background-size":"auto","background-attachment":"scroll","background-type":"","background-media":"","overlay-type":"","overlay-color":"","overlay-gradient":""},"tablet":{"background-color":"","background-image":"","background-repeat":"repeat","background-position":"center center","background-size":"auto","background-attachment":"scroll","background-type":"","background-media":"","overlay-type":"","overlay-color":"","overlay-gradient":""},"mobile":{"background-color":"","background-image":"","background-repeat":"repeat","background-position":"center center","background-size":"auto","background-attachment":"scroll","background-type":"","background-media":"","overlay-type":"","overlay-color":"","overlay-gradient":""}},"ast-content-background-meta":{"desktop":{"background-color":"var(--ast-global-color-5)","background-image":"","background-repeat":"repeat","background-position":"center center","background-size":"auto","background-attachment":"scroll","background-type":"","background-media":"","overlay-type":"","overlay-color":"","overlay-gradient":""},"tablet":{"background-color":"var(--ast-global-color-5)","background-image":"","background-repeat":"repeat","background-position":"center center","background-size":"auto","background-attachment":"scroll","background-type":"","background-media":"","overlay-type":"","overlay-color":"","overlay-gradient":""},"mobile":{"background-color":"var(--ast-global-color-5)","background-image":"","background-repeat":"repeat","background-position":"center center","background-size":"auto","background-attachment":"scroll","background-type":"","background-media":"","overlay-type":"","overlay-color":"","overlay-gradient":""}},"footnotes":""},"class_list":["post-2733","page","type-page","status-publish","hentry"],"uagb_featured_image_src":{"full":false,"thumbnail":false,"medium":false,"medium_large":false,"large":false,"1536x1536":false,"2048x2048":false},"uagb_author_info":{"display_name":"William Martinez","author_link":"https:\/\/nitt.uepa.br\/index.php\/author\/william-martinez\/"},"uagb_comment_info":0,"uagb_excerpt":"Patente O que \u00e9? Patente \u00e9 um t\u00edtulo tempor\u00e1rio de propriedade industrial, estabelecido por lei e outorgado pelo Estado. Seu objetivo \u00e9 proteger inven\u00e7\u00f5es ou modelos de utilidades e garantir a prioridade do usufruto econ\u00f4mico ao detentor da patente ou a quem ele autorizar. Tipos de Patente Requisitos","_links":{"self":[{"href":"https:\/\/nitt.uepa.br\/index.php\/wp-json\/wp\/v2\/pages\/2733","targetHints":{"allow":["GET"]}}],"collection":[{"href":"https:\/\/nitt.uepa.br\/index.php\/wp-json\/wp\/v2\/pages"}],"about":[{"href":"https:\/\/nitt.uepa.br\/index.php\/wp-json\/wp\/v2\/types\/page"}],"author":[{"embeddable":true,"href":"https:\/\/nitt.uepa.br\/index.php\/wp-json\/wp\/v2\/users\/5"}],"replies":[{"embeddable":true,"href":"https:\/\/nitt.uepa.br\/index.php\/wp-json\/wp\/v2\/comments?post=2733"}],"version-history":[{"count":8,"href":"https:\/\/nitt.uepa.br\/index.php\/wp-json\/wp\/v2\/pages\/2733\/revisions"}],"predecessor-version":[{"id":2784,"href":"https:\/\/nitt.uepa.br\/index.php\/wp-json\/wp\/v2\/pages\/2733\/revisions\/2784"}],"wp:attachment":[{"href":"https:\/\/nitt.uepa.br\/index.php\/wp-json\/wp\/v2\/media?parent=2733"}],"curies":[{"name":"wp","href":"https:\/\/api.w.org\/{rel}","templated":true}]}}