{"id":2741,"date":"2025-02-20T10:55:24","date_gmt":"2025-02-20T13:55:24","guid":{"rendered":"https:\/\/nitt.uepa.br\/?page_id=2741"},"modified":"2025-02-24T10:54:20","modified_gmt":"2025-02-24T13:54:20","slug":"desenho-industrial","status":"publish","type":"page","link":"https:\/\/nitt.uepa.br\/index.php\/desenho-industrial\/","title":{"rendered":"Desenho industrial"},"content":{"rendered":"\n<div class=\"wp-block-uagb-container uagb-block-c3249b30 alignfull uagb-is-root-container\"><div class=\"uagb-container__shape uagb-container__shape-bottom uagb-container__invert\" data-negative=\"false\"><svg xmlns=\"https:\/\/www.w3.org\/2000\/svg\" viewBox=\"0 0 1000 100\" preserveAspectRatio=\"none\"><path class=\"uagb-container__shape-fill\" d=\"M0,0c0,0,0,6,0,6.7c0,18,240.2,93.6,615.2,92.6C989.8,98.5,1000,25,1000,6.7c0-0.7,0-6.7,0-6.7H0z\"><\/path><\/svg><\/div><div class=\"uagb-container-inner-blocks-wrap\">\n<div class=\"wp-block-uagb-buttons uagb-buttons__outer-wrap uagb-btn__default-btn uagb-btn-tablet__default-btn uagb-btn-mobile__default-btn uagb-block-be1a47ef\"><div class=\"uagb-buttons__wrap uagb-buttons-layout-wrap\">\n<div class=\"wp-block-uagb-buttons-child uagb-buttons__outer-wrap uagb-block-19d76df2 wp-block-button\"><div class=\"uagb-button__wrapper\"><a class=\"uagb-buttons-repeater wp-block-button__link\" href=\"\/\/nitt.uepa.br\/index.php\/propriedade-insdustrial\/\" onclick=\"return true;\" rel=\"follow noopener\" target=\"_self\"><div class=\"uagb-button__link\">&lt;-Voltar<\/div><\/a><\/div><\/div>\n<\/div><\/div>\n\n\n\n<div class=\"wp-block-uagb-advanced-heading uagb-block-ba4f604f\"><h2 class=\"uagb-heading-text\">Desenho industrial<\/h2><div class=\"uagb-separator\"><\/div><\/div>\n\n\n\n<div class=\"wp-block-uagb-image uagb-block-2195c9cd wp-block-uagb-image--layout-default wp-block-uagb-image--effect-static wp-block-uagb-image--align-none\"><figure class=\"wp-block-uagb-image__figure\"><img decoding=\"async\" srcset=\"https:\/\/nitt.uepa.br\/wp-content\/uploads\/2022\/12\/Desenho-Industrial.png ,https:\/\/nitt.uepa.br\/wp-content\/uploads\/2022\/12\/Desenho-Industrial.png 780w, https:\/\/nitt.uepa.br\/wp-content\/uploads\/2022\/12\/Desenho-Industrial.png 360w\" sizes=\"auto, (max-width: 480px) 150px\" src=\"https:\/\/nitt.uepa.br\/wp-content\/uploads\/2022\/12\/Desenho-Industrial.png\" alt=\"\" class=\"uag-image-1488\" width=\"979\" height=\"644\" title=\"\" loading=\"lazy\"\/><\/figure><\/div>\n\n\n\n<div class=\"wp-block-uagb-container uagb-block-3844bb8d\">\n<h4 class=\"wp-block-heading\" style=\"margin-top:0;margin-bottom:0;font-size:24px;font-style:normal;font-weight:800\">O que \u00e9?<\/h4>\n\n\n\n<p class=\"justify\" style=\"margin-top:var(--wp--preset--spacing--20);margin-bottom:var(--wp--preset--spacing--20)\">Considera-se Desenho Industrial a forma pl\u00e1stica ornamental de um objeto ou o conjunto ornamental de linhas e cores que possa ser aplicado a um produto, proporcionando resultado visual novo e original na sua configura\u00e7\u00e3o externa e que possa ser produzido industrialmente.<\/p>\n<\/div>\n\n\n\n<div class=\"wp-block-uagb-container uagb-block-3236c14c\">\n<h4 class=\"wp-block-heading\" style=\"margin-top:0;margin-bottom:0;font-size:24px;font-style:normal;font-weight:800\">Tipos de Desenho industrial<\/h4>\n\n\n\n<ul class=\"wp-block-list\" style=\"margin-top:var(--wp--preset--spacing--20);margin-bottom:var(--wp--preset--spacing--20);line-height:1.5\">\n<li class=\"justify\"><strong>Conjunto Ornamental de Linhas e Cores<\/strong><br>Padr\u00e3o ornamental bidimensional aplicado a um objeto.<\/li>\n\n\n\n<li class=\"justify\"><strong><strong>Forma Pl\u00e1stica Ornamental<\/strong><\/strong><br>Forma tridimensional de um objeto.<\/li>\n<\/ul>\n<\/div>\n\n\n\n<div class=\"wp-block-uagb-container uagb-block-20097ebb\">\n<h4 class=\"wp-block-heading\" style=\"margin-top:0;margin-bottom:0;font-size:24px;font-style:normal;font-weight:800\">Requisitos<\/h4>\n\n\n\n<ul class=\"wp-block-list\" style=\"margin-top:var(--wp--preset--spacing--20);margin-bottom:var(--wp--preset--spacing--20);line-height:1.5\">\n<li class=\"justify\"><strong>NOVO:<\/strong> Art. 96. O desenho industrial \u00e9 considerado novo quando n\u00e3o compreendido no estado da t\u00e9cnica.<br><em>\u00a7 1\u00ba: <\/em>O estado da t\u00e9cnica \u00e9 constitu\u00eddo por tudo aquilo tornado acess\u00edvel ao p\u00fablico antes da data de dep\u00f3sito do pedido, no Brasil ou no exterior, por uso ou qualquer outro meio.<\/li>\n\n\n\n<li class=\"justify\"><strong>ORIGINAL:<\/strong> Art. 97. O desenho industrial \u00e9 considerado original quando dele resulte uma configura\u00e7\u00e3o visual distintiva, em rela\u00e7\u00e3o a outros objetos anteriores. <br><em><strong>Par\u00e1grafo \u00danico:<\/strong><\/em> O resultado visual original poder\u00e1 ser decorrente da combina\u00e7\u00e3o de elementos conhecidos.<\/li>\n\n\n\n<li class=\"justify\"><strong>FABRICA\u00c7\u00c3O INDUSTRIAL:<\/strong> As formas ou conjuntos ornamentais aplicados ao produto devem ser reprodut\u00edveis industrialmente , portanto n\u00e3o podem ser artesanais ou art\u00edsticos.<\/li>\n<\/ul>\n<\/div>\n\n\n\n<div class=\"wp-block-uagb-container uagb-block-ed13e4d1\">\n<div class=\"wp-block-uagb-info-box uagb-block-531b40fa uagb-infobox__content-wrap  uagb-infobox-icon-above-title uagb-infobox-image-valign-top justify\"><div class=\"uagb-ifb-content\"><div class=\"uagb-ifb-title-wrap\"><h4 class=\"uagb-ifb-title\">Procedimento para prote\u00e7\u00e3o atrav\u00e9s do NITT<\/h4><\/div><p class=\"uagb-ifb-desc\">\u00c9 muito importante que a pesquisa n\u00e3o seja divulgada publicamente antes do processo de prote\u00e7\u00e3o, uma vez que um dos requisitos exigidos \u00e9 a novidade.<br><br>Se voc\u00ea identificou potencial de patenteabilidade na sua pesquisa, entre em contato com o NITT atrav\u00e9s do e-mail (nitt@uepa.br), anexando todas as informa\u00e7\u00f5es sobre o objeto ou processo a ser protegido, para que seja feita a verifica\u00e7\u00e3o de viabilidade.<br><br>Caso j\u00e1 tenha nos contactado e deseja iniciar o preenchimento Formul\u00e1rio de Qualifica\u00e7\u00e3o de Inven\u00e7\u00e3o referente \u00e0 <strong>DESENHO INDUSTRIAL<\/strong>, clique no bot\u00e3o abaixo:<br><\/p><div class=\"uagb-ifb-button-wrapper wp-block-button\"><a href=\"https:\/\/docs.google.com\/forms\/d\/e\/1FAIpQLSf4OWkauOZ44EXiPXEdO7C6KwscS5p_FJRm1SCtRGyWRuteBA\/viewform?usp=sf_link\" class=\"uagb-infobox-cta-link wp-block-button__link\" target=\"_blank\" rel=\"noopener noreferrer\" onclick=\"return true;\" alt=\"\"><span class=\"uagb-inline-editing\">Clique aqui<\/span><\/a><\/div><\/div><\/div>\n<\/div>\n<\/div><\/div>\n","protected":false},"excerpt":{"rendered":"<p>Desenho industrial O que \u00e9? Considera-se Desenho Industrial a forma pl\u00e1stica ornamental de um objeto ou o conjunto ornamental de linhas e cores que possa ser aplicado a um produto, proporcionando resultado visual novo e original na sua configura\u00e7\u00e3o externa e que possa ser produzido industrialmente. Tipos de Desenho industrial Requisitos<\/p>\n","protected":false},"author":5,"featured_media":0,"parent":0,"menu_order":0,"comment_status":"closed","ping_status":"closed","template":"","meta":{"_uag_custom_page_level_css":"","site-sidebar-layout":"default","site-content-layout":"","ast-site-content-layout":"default","site-content-style":"default","site-sidebar-style":"default","ast-global-header-display":"","ast-banner-title-visibility":"","ast-main-header-display":"","ast-hfb-above-header-display":"","ast-hfb-below-header-display":"","ast-hfb-mobile-header-display":"","site-post-title":"disabled","ast-breadcrumbs-content":"","ast-featured-img":"","footer-sml-layout":"","theme-transparent-header-meta":"","adv-header-id-meta":"","stick-header-meta":"","header-above-stick-meta":"","header-main-stick-meta":"","header-below-stick-meta":"","astra-migrate-meta-layouts":"set","ast-page-background-enabled":"default","ast-page-background-meta":{"desktop":{"background-color":"var(--ast-global-color-4)","background-image":"","background-repeat":"repeat","background-position":"center center","background-size":"auto","background-attachment":"scroll","background-type":"","background-media":"","overlay-type":"","overlay-color":"","overlay-gradient":""},"tablet":{"background-color":"","background-image":"","background-repeat":"repeat","background-position":"center center","background-size":"auto","background-attachment":"scroll","background-type":"","background-media":"","overlay-type":"","overlay-color":"","overlay-gradient":""},"mobile":{"background-color":"","background-image":"","background-repeat":"repeat","background-position":"center center","background-size":"auto","background-attachment":"scroll","background-type":"","background-media":"","overlay-type":"","overlay-color":"","overlay-gradient":""}},"ast-content-background-meta":{"desktop":{"background-color":"var(--ast-global-color-5)","background-image":"","background-repeat":"repeat","background-position":"center center","background-size":"auto","background-attachment":"scroll","background-type":"","background-media":"","overlay-type":"","overlay-color":"","overlay-gradient":""},"tablet":{"background-color":"var(--ast-global-color-5)","background-image":"","background-repeat":"repeat","background-position":"center center","background-size":"auto","background-attachment":"scroll","background-type":"","background-media":"","overlay-type":"","overlay-color":"","overlay-gradient":""},"mobile":{"background-color":"var(--ast-global-color-5)","background-image":"","background-repeat":"repeat","background-position":"center center","background-size":"auto","background-attachment":"scroll","background-type":"","background-media":"","overlay-type":"","overlay-color":"","overlay-gradient":""}},"footnotes":""},"class_list":["post-2741","page","type-page","status-publish","hentry"],"uagb_featured_image_src":{"full":false,"thumbnail":false,"medium":false,"medium_large":false,"large":false,"1536x1536":false,"2048x2048":false},"uagb_author_info":{"display_name":"William Martinez","author_link":"https:\/\/nitt.uepa.br\/index.php\/author\/william-martinez\/"},"uagb_comment_info":0,"uagb_excerpt":"Desenho industrial O que \u00e9? Considera-se Desenho Industrial a forma pl\u00e1stica ornamental de um objeto ou o conjunto ornamental de linhas e cores que possa ser aplicado a um produto, proporcionando resultado visual novo e original na sua configura\u00e7\u00e3o externa e que possa ser produzido industrialmente. Tipos de Desenho industrial Requisitos","_links":{"self":[{"href":"https:\/\/nitt.uepa.br\/index.php\/wp-json\/wp\/v2\/pages\/2741","targetHints":{"allow":["GET"]}}],"collection":[{"href":"https:\/\/nitt.uepa.br\/index.php\/wp-json\/wp\/v2\/pages"}],"about":[{"href":"https:\/\/nitt.uepa.br\/index.php\/wp-json\/wp\/v2\/types\/page"}],"author":[{"embeddable":true,"href":"https:\/\/nitt.uepa.br\/index.php\/wp-json\/wp\/v2\/users\/5"}],"replies":[{"embeddable":true,"href":"https:\/\/nitt.uepa.br\/index.php\/wp-json\/wp\/v2\/comments?post=2741"}],"version-history":[{"count":6,"href":"https:\/\/nitt.uepa.br\/index.php\/wp-json\/wp\/v2\/pages\/2741\/revisions"}],"predecessor-version":[{"id":2785,"href":"https:\/\/nitt.uepa.br\/index.php\/wp-json\/wp\/v2\/pages\/2741\/revisions\/2785"}],"wp:attachment":[{"href":"https:\/\/nitt.uepa.br\/index.php\/wp-json\/wp\/v2\/media?parent=2741"}],"curies":[{"name":"wp","href":"https:\/\/api.w.org\/{rel}","templated":true}]}}