{"id":2743,"date":"2025-02-20T11:09:11","date_gmt":"2025-02-20T14:09:11","guid":{"rendered":"https:\/\/nitt.uepa.br\/?page_id=2743"},"modified":"2025-02-24T10:55:08","modified_gmt":"2025-02-24T13:55:08","slug":"marca","status":"publish","type":"page","link":"https:\/\/nitt.uepa.br\/index.php\/marca\/","title":{"rendered":"Marca"},"content":{"rendered":"\n<div class=\"wp-block-uagb-container uagb-block-c3249b30 alignfull uagb-is-root-container\"><div class=\"uagb-container__shape uagb-container__shape-bottom uagb-container__invert\" data-negative=\"false\"><svg xmlns=\"https:\/\/www.w3.org\/2000\/svg\" viewBox=\"0 0 1000 100\" preserveAspectRatio=\"none\"><path class=\"uagb-container__shape-fill\" d=\"M0,0c0,0,0,6,0,6.7c0,18,240.2,93.6,615.2,92.6C989.8,98.5,1000,25,1000,6.7c0-0.7,0-6.7,0-6.7H0z\"><\/path><\/svg><\/div><div class=\"uagb-container-inner-blocks-wrap\">\n<div class=\"wp-block-uagb-buttons uagb-buttons__outer-wrap uagb-btn__default-btn uagb-btn-tablet__default-btn uagb-btn-mobile__default-btn uagb-block-be1a47ef\"><div class=\"uagb-buttons__wrap uagb-buttons-layout-wrap\">\n<div class=\"wp-block-uagb-buttons-child uagb-buttons__outer-wrap uagb-block-19d76df2 wp-block-button\"><div class=\"uagb-button__wrapper\"><a class=\"uagb-buttons-repeater wp-block-button__link\" href=\"\/\/nitt.uepa.br\/index.php\/propriedade-insdustrial\/\" onclick=\"return true;\" rel=\"follow noopener\" target=\"_self\"><div class=\"uagb-button__link\">&lt;-Voltar<\/div><\/a><\/div><\/div>\n<\/div><\/div>\n\n\n\n<div class=\"wp-block-uagb-advanced-heading uagb-block-71f95e1d\"><h2 class=\"uagb-heading-text\">Marca<\/h2><div class=\"uagb-separator\"><\/div><\/div>\n\n\n\n<div class=\"wp-block-uagb-image uagb-block-2195c9cd wp-block-uagb-image--layout-default wp-block-uagb-image--effect-static wp-block-uagb-image--align-none\"><figure class=\"wp-block-uagb-image__figure\"><img decoding=\"async\" srcset=\"https:\/\/nitt.uepa.br\/wp-content\/uploads\/2022\/12\/Marca.png ,https:\/\/nitt.uepa.br\/wp-content\/uploads\/2022\/12\/Marca.png 780w, https:\/\/nitt.uepa.br\/wp-content\/uploads\/2022\/12\/Marca.png 360w\" sizes=\"auto, (max-width: 480px) 150px\" src=\"https:\/\/nitt.uepa.br\/wp-content\/uploads\/2022\/12\/Marca.png\" alt=\"\" class=\"uag-image-1489\" width=\"979\" height=\"644\" title=\"\" loading=\"lazy\"\/><\/figure><\/div>\n\n\n\n<div class=\"wp-block-uagb-container uagb-block-3844bb8d\">\n<h4 class=\"wp-block-heading\" style=\"margin-top:0;margin-bottom:0;font-size:24px;font-style:normal;font-weight:800\">O que \u00e9?<\/h4>\n\n\n\n<p class=\"justify\" style=\"margin-top:var(--wp--preset--spacing--20);margin-bottom:var(--wp--preset--spacing--20)\">Conforme o INPI, a Marca \u00e9 um sinal aplicado a produtos ou servi\u00e7os, cujas fun\u00e7\u00f5es principais s\u00e3o identificar a origem e distinguir produtos ou servi\u00e7os de outros id\u00eanticos, semelhantes ou afins de origem diversa.<\/p>\n<\/div>\n\n\n\n<div class=\"wp-block-uagb-container uagb-block-3236c14c\">\n<h4 class=\"wp-block-heading\" style=\"margin-top:0;margin-bottom:0;font-size:24px;font-style:normal;font-weight:800\">Tipos de Marca<\/h4>\n\n\n\n<ul class=\"wp-block-list\" style=\"margin-top:var(--wp--preset--spacing--20);margin-bottom:var(--wp--preset--spacing--20);line-height:1.5\">\n<li class=\"justify\"><strong>Produto ou Servi\u00e7o <\/strong><br>Art. 123 I. Usada para distinguir produto ou servi\u00e7os de outros id\u00eanticos, semelhantes ou afins, de origem diversa.<\/li>\n\n\n\n<li class=\"justify\"><strong><strong>Certifica\u00e7\u00e3o<\/strong> <\/strong><br>Art. 123 II. Usada para atestar a conformidade de um produto ou servi\u00e7o com determinadas normas ou especifica\u00e7\u00f5es t\u00e9cnicas, notadamente quanto \u00e0 qualidade, natureza, material utilizado e metodologia empregada.<\/li>\n\n\n\n<li class=\"justify\"><strong>Coletiva<\/strong> <br>Art. 123 III. Usada para identificar produtos ou servi\u00e7os provindos de membros de uma determinada entidade.<\/li>\n<\/ul>\n<\/div>\n\n\n\n<div class=\"wp-block-uagb-container uagb-block-20097ebb\">\n<h4 class=\"wp-block-heading\" style=\"margin-top:0;margin-bottom:0;font-size:24px;font-style:normal;font-weight:800\">Requisitos<\/h4>\n\n\n\n<ul class=\"wp-block-list\" style=\"margin-top:var(--wp--preset--spacing--20);margin-bottom:var(--wp--preset--spacing--20);line-height:1.5\">\n<li class=\"justify\"><strong>DISTINTIVA:<\/strong> o sinal visual deve apresentar car\u00e1ter \u00fanico, incompat\u00edvel com os demais concorrentes no mercado.<\/li>\n\n\n\n<li class=\"justify\"><strong>APLICA\u00c7\u00c3O EXCLUSIVA:<\/strong> \u00e9 obrigat\u00f3rio a realiza\u00e7\u00e3o da atividade laboral ligada \u00e0 marca, sendo invi\u00e1vel a prote\u00e7\u00e3o por terceiros que n\u00e3o exer\u00e7am o servi\u00e7o ou fabriquem o produto.<\/li>\n\n\n\n<li class=\"justify\"><strong>COR\u00caNCIA:<\/strong> que seja compat\u00edvel com as \u00e1reas de produ\u00e7\u00e3o e comercializa\u00e7\u00e3o da entidade.<\/li>\n<\/ul>\n<\/div>\n<\/div><\/div>\n","protected":false},"excerpt":{"rendered":"<p>Marca O que \u00e9? Conforme o INPI, a Marca \u00e9 um sinal aplicado a produtos ou servi\u00e7os, cujas fun\u00e7\u00f5es principais s\u00e3o identificar a origem e distinguir produtos ou servi\u00e7os de outros id\u00eanticos, semelhantes ou afins de origem diversa. Tipos de Marca Requisitos<\/p>\n","protected":false},"author":5,"featured_media":0,"parent":0,"menu_order":0,"comment_status":"closed","ping_status":"closed","template":"","meta":{"_uag_custom_page_level_css":"","site-sidebar-layout":"default","site-content-layout":"","ast-site-content-layout":"default","site-content-style":"default","site-sidebar-style":"default","ast-global-header-display":"","ast-banner-title-visibility":"","ast-main-header-display":"","ast-hfb-above-header-display":"","ast-hfb-below-header-display":"","ast-hfb-mobile-header-display":"","site-post-title":"disabled","ast-breadcrumbs-content":"","ast-featured-img":"","footer-sml-layout":"","theme-transparent-header-meta":"","adv-header-id-meta":"","stick-header-meta":"","header-above-stick-meta":"","header-main-stick-meta":"","header-below-stick-meta":"","astra-migrate-meta-layouts":"set","ast-page-background-enabled":"default","ast-page-background-meta":{"desktop":{"background-color":"var(--ast-global-color-4)","background-image":"","background-repeat":"repeat","background-position":"center center","background-size":"auto","background-attachment":"scroll","background-type":"","background-media":"","overlay-type":"","overlay-color":"","overlay-gradient":""},"tablet":{"background-color":"","background-image":"","background-repeat":"repeat","background-position":"center center","background-size":"auto","background-attachment":"scroll","background-type":"","background-media":"","overlay-type":"","overlay-color":"","overlay-gradient":""},"mobile":{"background-color":"","background-image":"","background-repeat":"repeat","background-position":"center center","background-size":"auto","background-attachment":"scroll","background-type":"","background-media":"","overlay-type":"","overlay-color":"","overlay-gradient":""}},"ast-content-background-meta":{"desktop":{"background-color":"var(--ast-global-color-5)","background-image":"","background-repeat":"repeat","background-position":"center center","background-size":"auto","background-attachment":"scroll","background-type":"","background-media":"","overlay-type":"","overlay-color":"","overlay-gradient":""},"tablet":{"background-color":"var(--ast-global-color-5)","background-image":"","background-repeat":"repeat","background-position":"center center","background-size":"auto","background-attachment":"scroll","background-type":"","background-media":"","overlay-type":"","overlay-color":"","overlay-gradient":""},"mobile":{"background-color":"var(--ast-global-color-5)","background-image":"","background-repeat":"repeat","background-position":"center center","background-size":"auto","background-attachment":"scroll","background-type":"","background-media":"","overlay-type":"","overlay-color":"","overlay-gradient":""}},"footnotes":""},"class_list":["post-2743","page","type-page","status-publish","hentry"],"uagb_featured_image_src":{"full":false,"thumbnail":false,"medium":false,"medium_large":false,"large":false,"1536x1536":false,"2048x2048":false},"uagb_author_info":{"display_name":"William Martinez","author_link":"https:\/\/nitt.uepa.br\/index.php\/author\/william-martinez\/"},"uagb_comment_info":0,"uagb_excerpt":"Marca O que \u00e9? Conforme o INPI, a Marca \u00e9 um sinal aplicado a produtos ou servi\u00e7os, cujas fun\u00e7\u00f5es principais s\u00e3o identificar a origem e distinguir produtos ou servi\u00e7os de outros id\u00eanticos, semelhantes ou afins de origem diversa. Tipos de Marca Requisitos","_links":{"self":[{"href":"https:\/\/nitt.uepa.br\/index.php\/wp-json\/wp\/v2\/pages\/2743","targetHints":{"allow":["GET"]}}],"collection":[{"href":"https:\/\/nitt.uepa.br\/index.php\/wp-json\/wp\/v2\/pages"}],"about":[{"href":"https:\/\/nitt.uepa.br\/index.php\/wp-json\/wp\/v2\/types\/page"}],"author":[{"embeddable":true,"href":"https:\/\/nitt.uepa.br\/index.php\/wp-json\/wp\/v2\/users\/5"}],"replies":[{"embeddable":true,"href":"https:\/\/nitt.uepa.br\/index.php\/wp-json\/wp\/v2\/comments?post=2743"}],"version-history":[{"count":4,"href":"https:\/\/nitt.uepa.br\/index.php\/wp-json\/wp\/v2\/pages\/2743\/revisions"}],"predecessor-version":[{"id":2787,"href":"https:\/\/nitt.uepa.br\/index.php\/wp-json\/wp\/v2\/pages\/2743\/revisions\/2787"}],"wp:attachment":[{"href":"https:\/\/nitt.uepa.br\/index.php\/wp-json\/wp\/v2\/media?parent=2743"}],"curies":[{"name":"wp","href":"https:\/\/api.w.org\/{rel}","templated":true}]}}