{"id":594,"date":"2022-06-07T16:20:47","date_gmt":"2022-06-07T19:20:47","guid":{"rendered":"https:\/\/nitt.uepa.br\/?page_id=594"},"modified":"2025-02-19T10:09:53","modified_gmt":"2025-02-19T13:09:53","slug":"noticias","status":"publish","type":"page","link":"https:\/\/nitt.uepa.br\/index.php\/noticias\/","title":{"rendered":"Not\u00edcias"},"content":{"rendered":"\n<div class=\"wp-block-uagb-container uagb-block-e8593efe alignfull uagb-is-root-container\"><div class=\"uagb-container__shape uagb-container__shape-bottom uagb-container__invert\" data-negative=\"false\"><svg xmlns=\"https:\/\/www.w3.org\/2000\/svg\" viewBox=\"0 0 1000 100\" preserveAspectRatio=\"none\"><path class=\"uagb-container__shape-fill\" d=\"M0,0c0,0,0,6,0,6.7c0,18,240.2,93.6,615.2,92.6C989.8,98.5,1000,25,1000,6.7c0-0.7,0-6.7,0-6.7H0z\"><\/path><\/svg><\/div><div class=\"uagb-container-inner-blocks-wrap\">\n<div class=\"wp-block-uagb-advanced-heading uagb-block-6878a973\"><h1 class=\"uagb-heading-text\">Not\u00edcias<\/h1><div class=\"uagb-separator\"><\/div><\/div>\n\n\n\n<p style=\"margin-top:var(--wp--preset--spacing--50);margin-right:0;margin-bottom:var(--wp--preset--spacing--50);margin-left:0;padding-top:0;padding-right:40px;padding-bottom:0;padding-left:40px\">Aqui voc\u00ea encontra not\u00edcias sobre o <strong>NITT<\/strong> e tamb\u00e9m sobre trabalhos desenvolvidos pela  UEPA que se relacionam com a \u00e1rea de propriedade intelectual.<\/p>\n\n\n\n\t\t\t<div class=\"wp-block-uagb-post-grid uagb-post-grid  uagb-post__image-position-top uagb-post__image-enabled uagb-block-aacd83ad     uagb-post__items uagb-post__columns-2 is-grid uagb-post__columns-tablet-2 uagb-post__columns-mobile-1 uagb-post__equal-height uagb-equal_height_inline-read-more-buttons\" data-total=\"1\" style=\"\">\n\n\t\t\t\t\t\t\t\t\t\t\t\t<article class=\"uagb-post__inner-wrap\">\t\t\t\t\t\t\t\t<div class='uagb-post__image'>\n\t\t\t\t\t\t\t\t\t<a href=\"https:\/\/nitt.uepa.br\/index.php\/2024\/08\/20\/projeto-de-extensao-aula-inaugural\/\" target=\"_blank\" rel=\"bookmark noopener noreferrer\" class='uagb-image-ratio-inherit'><img loading=\"lazy\" decoding=\"async\" width=\"1024\" height=\"683\" src=\"https:\/\/nitt.uepa.br\/wp-content\/uploads\/2024\/08\/Aula-Inaugural-capa.png\" class=\"attachment-large size-large\" alt=\"\" srcset=\"https:\/\/nitt.uepa.br\/wp-content\/uploads\/2024\/08\/Aula-Inaugural-capa.png 1025w, https:\/\/nitt.uepa.br\/wp-content\/uploads\/2024\/08\/Aula-Inaugural-capa-300x200.png 300w, https:\/\/nitt.uepa.br\/wp-content\/uploads\/2024\/08\/Aula-Inaugural-capa-768x512.png 768w\" sizes=\"auto, (max-width: 1024px) 100vw, 1024px\" \/>\t\t\t\t\t<\/a>\n\t\t\t\t\t\t\t<\/div>\n\t\t\t\t\t\t<h4 class=\"uagb-post__title uagb-post__text\">\n\t\t\t\t<a href=\"https:\/\/nitt.uepa.br\/index.php\/2024\/08\/20\/projeto-de-extensao-aula-inaugural\/\" target=\"_blank\" rel=\"bookmark noopener noreferrer\">Projeto de Extens\u00e3o: aula inaugural<\/a>\n\t\t\t<\/h4>\n\t\t\t\t\t\t<div class='uagb-post__text uagb-post-grid-byline'>\n\t\t\t\t\t\t\t\t<time datetime=\"2024-08-20T16:00:00-03:00\" class=\"uagb-post__date\">\n\t\t\t\t<span class=\"dashicons-calendar dashicons\"><\/span>\t\t\t\t\tagosto 20, 2024\t\t\t\t<\/time>\n\t\t\t\t\t\t<\/div>\n\t\t\t\t\t\t<div class=\"uagb-post__text uagb-post__cta wp-block-button\">\n\t\t\t\t<a class=\"wp-block-button__link uagb-text-link\" href=\"https:\/\/nitt.uepa.br\/index.php\/2024\/08\/20\/projeto-de-extensao-aula-inaugural\/\" target=\"_blank\" rel=\"bookmark noopener noreferrer\">Ler mais<\/a>\n\t\t\t<\/div>\n\t\t\t\t\t\t\t\t\t\t\t\t<\/article>\n\t\t\t\t\t\t\t\t\t\t\t\t\t\t\t\t<article class=\"uagb-post__inner-wrap\">\t\t\t\t\t\t\t\t<div class='uagb-post__image'>\n\t\t\t\t\t\t\t\t\t<a href=\"https:\/\/nitt.uepa.br\/index.php\/2023\/10\/26\/cerame\/\" target=\"_blank\" rel=\"bookmark noopener noreferrer\" class='uagb-image-ratio-inherit'><img loading=\"lazy\" decoding=\"async\" width=\"1024\" height=\"683\" src=\"https:\/\/nitt.uepa.br\/wp-content\/uploads\/2023\/10\/Cerame.png\" class=\"attachment-large size-large\" alt=\"\" srcset=\"https:\/\/nitt.uepa.br\/wp-content\/uploads\/2023\/10\/Cerame.png 1025w, https:\/\/nitt.uepa.br\/wp-content\/uploads\/2023\/10\/Cerame-300x200.png 300w, https:\/\/nitt.uepa.br\/wp-content\/uploads\/2023\/10\/Cerame-768x512.png 768w\" sizes=\"auto, (max-width: 1024px) 100vw, 1024px\" \/>\t\t\t\t\t<\/a>\n\t\t\t\t\t\t\t<\/div>\n\t\t\t\t\t\t<h4 class=\"uagb-post__title uagb-post__text\">\n\t\t\t\t<a href=\"https:\/\/nitt.uepa.br\/index.php\/2023\/10\/26\/cerame\/\" target=\"_blank\" rel=\"bookmark noopener noreferrer\">Cerame<\/a>\n\t\t\t<\/h4>\n\t\t\t\t\t\t<div class='uagb-post__text uagb-post-grid-byline'>\n\t\t\t\t\t\t\t\t<time datetime=\"2023-10-26T15:48:47-03:00\" class=\"uagb-post__date\">\n\t\t\t\t<span class=\"dashicons-calendar dashicons\"><\/span>\t\t\t\t\toutubro 26, 2023\t\t\t\t<\/time>\n\t\t\t\t\t\t<\/div>\n\t\t\t\t\t\t<div class=\"uagb-post__text uagb-post__cta wp-block-button\">\n\t\t\t\t<a class=\"wp-block-button__link uagb-text-link\" href=\"https:\/\/nitt.uepa.br\/index.php\/2023\/10\/26\/cerame\/\" target=\"_blank\" rel=\"bookmark noopener noreferrer\">Ler mais<\/a>\n\t\t\t<\/div>\n\t\t\t\t\t\t\t\t\t\t\t\t<\/article>\n\t\t\t\t\t\t\t\t\t\t\t\t\t\t\t\t<article class=\"uagb-post__inner-wrap\">\t\t\t\t\t\t\t\t<div class='uagb-post__image'>\n\t\t\t\t\t\t\t\t\t<a href=\"https:\/\/nitt.uepa.br\/index.php\/2023\/09\/12\/1a-patente-concedida\/\" target=\"_blank\" rel=\"bookmark noopener noreferrer\" class='uagb-image-ratio-inherit'><img loading=\"lazy\" decoding=\"async\" width=\"1024\" height=\"683\" src=\"https:\/\/nitt.uepa.br\/wp-content\/uploads\/2023\/09\/Suporte-capa.png\" class=\"attachment-large size-large\" alt=\"\" srcset=\"https:\/\/nitt.uepa.br\/wp-content\/uploads\/2023\/09\/Suporte-capa.png 1025w, https:\/\/nitt.uepa.br\/wp-content\/uploads\/2023\/09\/Suporte-capa-300x200.png 300w, https:\/\/nitt.uepa.br\/wp-content\/uploads\/2023\/09\/Suporte-capa-768x512.png 768w\" sizes=\"auto, (max-width: 1024px) 100vw, 1024px\" \/>\t\t\t\t\t<\/a>\n\t\t\t\t\t\t\t<\/div>\n\t\t\t\t\t\t<h4 class=\"uagb-post__title uagb-post__text\">\n\t\t\t\t<a href=\"https:\/\/nitt.uepa.br\/index.php\/2023\/09\/12\/1a-patente-concedida\/\" target=\"_blank\" rel=\"bookmark noopener noreferrer\">1\u00aa Patente Concedida<\/a>\n\t\t\t<\/h4>\n\t\t\t\t\t\t<div class='uagb-post__text uagb-post-grid-byline'>\n\t\t\t\t\t\t\t\t<time datetime=\"2023-09-12T14:24:43-03:00\" class=\"uagb-post__date\">\n\t\t\t\t<span class=\"dashicons-calendar dashicons\"><\/span>\t\t\t\t\tsetembro 12, 2023\t\t\t\t<\/time>\n\t\t\t\t\t\t<\/div>\n\t\t\t\t\t\t<div class=\"uagb-post__text uagb-post__cta wp-block-button\">\n\t\t\t\t<a class=\"wp-block-button__link uagb-text-link\" href=\"https:\/\/nitt.uepa.br\/index.php\/2023\/09\/12\/1a-patente-concedida\/\" target=\"_blank\" rel=\"bookmark noopener noreferrer\">Ler mais<\/a>\n\t\t\t<\/div>\n\t\t\t\t\t\t\t\t\t\t\t\t<\/article>\n\t\t\t\t\t\t\t\t\t\t\t\t\t\t\t\t<article class=\"uagb-post__inner-wrap\">\t\t\t\t\t\t\t\t<div class='uagb-post__image'>\n\t\t\t\t\t\t\t\t\t<a href=\"https:\/\/nitt.uepa.br\/index.php\/2023\/06\/28\/reuniao-nittunifap\/\" target=\"_blank\" rel=\"bookmark noopener noreferrer\" class='uagb-image-ratio-inherit'><img loading=\"lazy\" decoding=\"async\" width=\"1024\" height=\"683\" src=\"https:\/\/nitt.uepa.br\/wp-content\/uploads\/2023\/06\/Capa-de-Noticias-reuniao-NittUnifap.png\" class=\"attachment-large size-large\" alt=\"\" srcset=\"https:\/\/nitt.uepa.br\/wp-content\/uploads\/2023\/06\/Capa-de-Noticias-reuniao-NittUnifap.png 1025w, https:\/\/nitt.uepa.br\/wp-content\/uploads\/2023\/06\/Capa-de-Noticias-reuniao-NittUnifap-300x200.png 300w, https:\/\/nitt.uepa.br\/wp-content\/uploads\/2023\/06\/Capa-de-Noticias-reuniao-NittUnifap-768x512.png 768w\" sizes=\"auto, (max-width: 1024px) 100vw, 1024px\" \/>\t\t\t\t\t<\/a>\n\t\t\t\t\t\t\t<\/div>\n\t\t\t\t\t\t<h4 class=\"uagb-post__title uagb-post__text\">\n\t\t\t\t<a href=\"https:\/\/nitt.uepa.br\/index.php\/2023\/06\/28\/reuniao-nittunifap\/\" target=\"_blank\" rel=\"bookmark noopener noreferrer\">Reuni\u00e3o NittUnifap<\/a>\n\t\t\t<\/h4>\n\t\t\t\t\t\t<div class='uagb-post__text uagb-post-grid-byline'>\n\t\t\t\t\t\t\t\t<time datetime=\"2023-06-28T17:16:43-03:00\" class=\"uagb-post__date\">\n\t\t\t\t<span class=\"dashicons-calendar dashicons\"><\/span>\t\t\t\t\tjunho 28, 2023\t\t\t\t<\/time>\n\t\t\t\t\t\t<\/div>\n\t\t\t\t\t\t<div class=\"uagb-post__text uagb-post__cta wp-block-button\">\n\t\t\t\t<a class=\"wp-block-button__link uagb-text-link\" href=\"https:\/\/nitt.uepa.br\/index.php\/2023\/06\/28\/reuniao-nittunifap\/\" target=\"_blank\" rel=\"bookmark noopener noreferrer\">Ler mais<\/a>\n\t\t\t<\/div>\n\t\t\t\t\t\t\t\t\t\t\t\t<\/article>\n\t\t\t\t\t\t\t\t\t\t\t\t\t\t\t\t<article class=\"uagb-post__inner-wrap\">\t\t\t\t\t\t\t\t<div class='uagb-post__image'>\n\t\t\t\t\t\t\t\t\t<a href=\"https:\/\/nitt.uepa.br\/index.php\/2022\/06\/22\/cafe-empreendedor-01-ritu-uepa\/\" target=\"_blank\" rel=\"bookmark noopener noreferrer\" class='uagb-image-ratio-inherit'><img loading=\"lazy\" decoding=\"async\" width=\"1024\" height=\"683\" src=\"https:\/\/nitt.uepa.br\/wp-content\/uploads\/2022\/06\/cafe-empre-capa.png\" class=\"attachment-large size-large\" alt=\"\" srcset=\"https:\/\/nitt.uepa.br\/wp-content\/uploads\/2022\/06\/cafe-empre-capa.png 1025w, https:\/\/nitt.uepa.br\/wp-content\/uploads\/2022\/06\/cafe-empre-capa-300x200.png 300w, https:\/\/nitt.uepa.br\/wp-content\/uploads\/2022\/06\/cafe-empre-capa-768x512.png 768w\" sizes=\"auto, (max-width: 1024px) 100vw, 1024px\" \/>\t\t\t\t\t<\/a>\n\t\t\t\t\t\t\t<\/div>\n\t\t\t\t\t\t<h4 class=\"uagb-post__title uagb-post__text\">\n\t\t\t\t<a href=\"https:\/\/nitt.uepa.br\/index.php\/2022\/06\/22\/cafe-empreendedor-01-ritu-uepa\/\" target=\"_blank\" rel=\"bookmark noopener noreferrer\">Caf\u00e9 Empreendedor RITU.UEPA<\/a>\n\t\t\t<\/h4>\n\t\t\t\t\t\t<div class='uagb-post__text uagb-post-grid-byline'>\n\t\t\t\t\t\t\t\t<time datetime=\"2022-06-22T17:50:00-03:00\" class=\"uagb-post__date\">\n\t\t\t\t<span class=\"dashicons-calendar dashicons\"><\/span>\t\t\t\t\tjunho 22, 2022\t\t\t\t<\/time>\n\t\t\t\t\t\t<\/div>\n\t\t\t\t\t\t<div class=\"uagb-post__text uagb-post__cta wp-block-button\">\n\t\t\t\t<a class=\"wp-block-button__link uagb-text-link\" href=\"https:\/\/nitt.uepa.br\/index.php\/2022\/06\/22\/cafe-empreendedor-01-ritu-uepa\/\" target=\"_blank\" rel=\"bookmark noopener noreferrer\">Ler mais<\/a>\n\t\t\t<\/div>\n\t\t\t\t\t\t\t\t\t\t\t\t<\/article>\n\t\t\t\t\t\t\t\t\t\t\t\t\t\t\t\t<article class=\"uagb-post__inner-wrap\">\t\t\t\t\t\t\t\t<div class='uagb-post__image'>\n\t\t\t\t\t\t\t\t\t<a href=\"https:\/\/nitt.uepa.br\/index.php\/2021\/11\/19\/reuniao-cipe\/\" target=\"_blank\" rel=\"bookmark noopener noreferrer\" class='uagb-image-ratio-inherit'><img loading=\"lazy\" decoding=\"async\" width=\"1024\" height=\"683\" src=\"https:\/\/nitt.uepa.br\/wp-content\/uploads\/2021\/11\/reuniao-cipe-capa-1.png\" class=\"attachment-large size-large\" alt=\"\" srcset=\"https:\/\/nitt.uepa.br\/wp-content\/uploads\/2021\/11\/reuniao-cipe-capa-1.png 1025w, https:\/\/nitt.uepa.br\/wp-content\/uploads\/2021\/11\/reuniao-cipe-capa-1-300x200.png 300w, https:\/\/nitt.uepa.br\/wp-content\/uploads\/2021\/11\/reuniao-cipe-capa-1-768x512.png 768w\" sizes=\"auto, (max-width: 1024px) 100vw, 1024px\" \/>\t\t\t\t\t<\/a>\n\t\t\t\t\t\t\t<\/div>\n\t\t\t\t\t\t<h4 class=\"uagb-post__title uagb-post__text\">\n\t\t\t\t<a href=\"https:\/\/nitt.uepa.br\/index.php\/2021\/11\/19\/reuniao-cipe\/\" target=\"_blank\" rel=\"bookmark noopener noreferrer\">Reuni\u00e3o CIPE<\/a>\n\t\t\t<\/h4>\n\t\t\t\t\t\t<div class='uagb-post__text uagb-post-grid-byline'>\n\t\t\t\t\t\t\t\t<time datetime=\"2021-11-19T14:10:00-03:00\" class=\"uagb-post__date\">\n\t\t\t\t<span class=\"dashicons-calendar dashicons\"><\/span>\t\t\t\t\tnovembro 19, 2021\t\t\t\t<\/time>\n\t\t\t\t\t\t<\/div>\n\t\t\t\t\t\t<div class=\"uagb-post__text uagb-post__cta wp-block-button\">\n\t\t\t\t<a class=\"wp-block-button__link uagb-text-link\" href=\"https:\/\/nitt.uepa.br\/index.php\/2021\/11\/19\/reuniao-cipe\/\" target=\"_blank\" rel=\"bookmark noopener noreferrer\">Ler mais<\/a>\n\t\t\t<\/div>\n\t\t\t\t\t\t\t\t\t\t\t\t<\/article>\n\t\t\t\t\t\t\t\t\t\t\t\t\t<div class=\"uagb-post-pagination-wrap\">\n\t\t\t\t\t\t\t\t\t\t\t<\/div>\n\t\t\t\t\t\t\t\t<\/div>\n\t\t\t<\/div><\/div>\n","protected":false},"excerpt":{"rendered":"<p>Not\u00edcias Aqui voc\u00ea encontra not\u00edcias sobre o NITT e tamb\u00e9m sobre trabalhos desenvolvidos pela UEPA que se relacionam com a \u00e1rea de propriedade intelectual.<\/p>\n","protected":false},"author":2,"featured_media":0,"parent":0,"menu_order":0,"comment_status":"closed","ping_status":"closed","template":"","meta":{"_uag_custom_page_level_css":"","site-sidebar-layout":"default","site-content-layout":"","ast-site-content-layout":"default","site-content-style":"default","site-sidebar-style":"default","ast-global-header-display":"","ast-banner-title-visibility":"","ast-main-header-display":"","ast-hfb-above-header-display":"","ast-hfb-below-header-display":"","ast-hfb-mobile-header-display":"","site-post-title":"disabled","ast-breadcrumbs-content":"","ast-featured-img":"","footer-sml-layout":"","theme-transparent-header-meta":"","adv-header-id-meta":"","stick-header-meta":"","header-above-stick-meta":"","header-main-stick-meta":"","header-below-stick-meta":"","astra-migrate-meta-layouts":"set","ast-page-background-enabled":"default","ast-page-background-meta":{"desktop":{"background-color":"var(--ast-global-color-4)","background-image":"","background-repeat":"repeat","background-position":"center center","background-size":"auto","background-attachment":"scroll","background-type":"","background-media":"","overlay-type":"","overlay-color":"","overlay-gradient":""},"tablet":{"background-color":"","background-image":"","background-repeat":"repeat","background-position":"center center","background-size":"auto","background-attachment":"scroll","background-type":"","background-media":"","overlay-type":"","overlay-color":"","overlay-gradient":""},"mobile":{"background-color":"","background-image":"","background-repeat":"repeat","background-position":"center center","background-size":"auto","background-attachment":"scroll","background-type":"","background-media":"","overlay-type":"","overlay-color":"","overlay-gradient":""}},"ast-content-background-meta":{"desktop":{"background-color":"var(--ast-global-color-5)","background-image":"","background-repeat":"repeat","background-position":"center center","background-size":"auto","background-attachment":"scroll","background-type":"","background-media":"","overlay-type":"","overlay-color":"","overlay-gradient":""},"tablet":{"background-color":"var(--ast-global-color-5)","background-image":"","background-repeat":"repeat","background-position":"center center","background-size":"auto","background-attachment":"scroll","background-type":"","background-media":"","overlay-type":"","overlay-color":"","overlay-gradient":""},"mobile":{"background-color":"var(--ast-global-color-5)","background-image":"","background-repeat":"repeat","background-position":"center center","background-size":"auto","background-attachment":"scroll","background-type":"","background-media":"","overlay-type":"","overlay-color":"","overlay-gradient":""}},"footnotes":""},"class_list":["post-594","page","type-page","status-publish","hentry"],"uagb_featured_image_src":{"full":false,"thumbnail":false,"medium":false,"medium_large":false,"large":false,"1536x1536":false,"2048x2048":false},"uagb_author_info":{"display_name":"adminsites@uepa.br","author_link":"https:\/\/nitt.uepa.br\/index.php\/author\/adminsitesuepa-br\/"},"uagb_comment_info":0,"uagb_excerpt":"Not\u00edcias Aqui voc\u00ea encontra not\u00edcias sobre o NITT e tamb\u00e9m sobre trabalhos desenvolvidos pela UEPA que se relacionam com a \u00e1rea de propriedade intelectual.","_links":{"self":[{"href":"https:\/\/nitt.uepa.br\/index.php\/wp-json\/wp\/v2\/pages\/594","targetHints":{"allow":["GET"]}}],"collection":[{"href":"https:\/\/nitt.uepa.br\/index.php\/wp-json\/wp\/v2\/pages"}],"about":[{"href":"https:\/\/nitt.uepa.br\/index.php\/wp-json\/wp\/v2\/types\/page"}],"author":[{"embeddable":true,"href":"https:\/\/nitt.uepa.br\/index.php\/wp-json\/wp\/v2\/users\/2"}],"replies":[{"embeddable":true,"href":"https:\/\/nitt.uepa.br\/index.php\/wp-json\/wp\/v2\/comments?post=594"}],"version-history":[{"count":19,"href":"https:\/\/nitt.uepa.br\/index.php\/wp-json\/wp\/v2\/pages\/594\/revisions"}],"predecessor-version":[{"id":2720,"href":"https:\/\/nitt.uepa.br\/index.php\/wp-json\/wp\/v2\/pages\/594\/revisions\/2720"}],"wp:attachment":[{"href":"https:\/\/nitt.uepa.br\/index.php\/wp-json\/wp\/v2\/media?parent=594"}],"curies":[{"name":"wp","href":"https:\/\/api.w.org\/{rel}","templated":true}]}}