{"id":639,"date":"2022-06-08T16:53:32","date_gmt":"2022-06-08T19:53:32","guid":{"rendered":"https:\/\/nitt.uepa.br\/?page_id=639"},"modified":"2026-03-12T17:27:59","modified_gmt":"2026-03-12T20:27:59","slug":"sobre","status":"publish","type":"page","link":"https:\/\/nitt.uepa.br\/index.php\/sobre\/","title":{"rendered":"Sobre"},"content":{"rendered":"\n<div class=\"wp-block-uagb-container uagb-block-a60eb7c9 alignfull uagb-is-root-container\"><div class=\"uagb-container__shape uagb-container__shape-bottom uagb-container__invert\" data-negative=\"false\"><svg xmlns=\"https:\/\/www.w3.org\/2000\/svg\" viewBox=\"0 0 1000 100\" preserveAspectRatio=\"none\"><path class=\"uagb-container__shape-fill\" d=\"M0,0c0,0,0,6,0,6.7c0,18,240.2,93.6,615.2,92.6C989.8,98.5,1000,25,1000,6.7c0-0.7,0-6.7,0-6.7H0z\"><\/path><\/svg><\/div><div class=\"uagb-container-inner-blocks-wrap\">\n<div class=\"wp-block-uagb-advanced-heading uagb-block-5fad4abe\"><h1 class=\"uagb-heading-text\">Sobre<\/h1><div class=\"uagb-separator\"><\/div><\/div>\n\n\n\n<div class=\"wp-block-uagb-container uagb-block-025a74ae\">\n<p style=\"font-size:16px\">O NITT protege as cria\u00e7\u00f5es da UEPA e torna a Propriedade intelectual f\u00e1cil de entender e praticar. Al\u00e9m disso, <strong>ajudamos inventores<\/strong>&nbsp;a protegerem o resultado de suas pesquisas atrav\u00e9s de patentes, programa de computador ou desenho industrial.<br>Tamb\u00e9m&nbsp;<strong>ajudamos investidores<\/strong>&nbsp;a licenciarem tecnologias nas quais viram potencial.<\/p>\n<\/div>\n\n\n\n<div class=\"wp-block-uagb-container uagb-block-b6a0c808\">\n<div class=\"wp-block-uagb-image uagb-block-3c0cebad wp-block-uagb-image--layout-default wp-block-uagb-image--effect-zoomin wp-block-uagb-image--align-none\"><figure class=\"wp-block-uagb-image__figure\"><img decoding=\"async\" srcset=\"https:\/\/nitt.uepa.br\/wp-content\/uploads\/2022\/12\/12.08.19-CCNT-SALA-DO-NITT-UEPA-foto-Nailana-Thiely-1024x683.jpg ,https:\/\/nitt.uepa.br\/wp-content\/uploads\/2022\/12\/12.08.19-CCNT-SALA-DO-NITT-UEPA-foto-Nailana-Thiely-1024x683.jpg 780w, https:\/\/nitt.uepa.br\/wp-content\/uploads\/2022\/12\/12.08.19-CCNT-SALA-DO-NITT-UEPA-foto-Nailana-Thiely-scaled.jpg 360w\" sizes=\"auto, (max-width: 480px) 150px\" src=\"https:\/\/nitt.uepa.br\/wp-content\/uploads\/2022\/12\/12.08.19-CCNT-SALA-DO-NITT-UEPA-foto-Nailana-Thiely-1024x683.jpg\" alt=\"\" class=\"uag-image-1552\" width=\"1024\" height=\"683\" title=\"\" loading=\"lazy\"\/><\/figure><\/div>\n<\/div>\n\n\n\n<div class=\"wp-block-uagb-container uagb-block-2996772b\">\n<div class=\"wp-block-uagb-container uagb-block-20964754\">\n<h3 class=\"wp-block-heading has-ast-global-color-3-color has-text-color has-link-color wp-elements-79fd6e4e16382e010cd2bb925430d249\" style=\"margin-top:0;margin-bottom:0;font-style:normal;font-weight:700;line-height:1.1\">Prote\u00e7\u00e3o de tecnologias<\/h3>\n\n\n\n<p style=\"margin-top:0;margin-bottom:0;padding-top:0;padding-bottom:0;font-size:16px;font-style:normal;font-weight:500\">Quando o inventor realiza alguma pesquisa que atenda aos requisitos de: novidade; atividade inventiva e aplica\u00e7\u00e3o industrial, este poder\u00e1 contar com o NITT para proteger a sua tecnologia, de forma adequada, junto ao Instituto Nacional da Propriedade Industrial &#8211; INPI.<\/p>\n<\/div>\n\n\n\n<div class=\"wp-block-uagb-image aligncenter uagb-block-ddd80ccd wp-block-uagb-image--layout-default wp-block-uagb-image--effect-zoomin wp-block-uagb-image--align-center\"><figure class=\"wp-block-uagb-image__figure\"><img decoding=\"async\" srcset=\"https:\/\/nitt.uepa.br\/wp-content\/uploads\/2025\/02\/Group.png ,https:\/\/nitt.uepa.br\/wp-content\/uploads\/2025\/02\/Group.png 780w, https:\/\/nitt.uepa.br\/wp-content\/uploads\/2025\/02\/Group.png 360w\" sizes=\"auto, (max-width: 480px) 150px\" src=\"https:\/\/nitt.uepa.br\/wp-content\/uploads\/2025\/02\/Group.png\" alt=\"\" class=\"uag-image-2705\" width=\"263\" height=\"280\" title=\"\" loading=\"lazy\"\/><\/figure><\/div>\n<\/div>\n\n\n\n<div class=\"wp-block-uagb-container uagb-block-08743771\">\n<div class=\"wp-block-uagb-container uagb-block-e11434ff\">\n<div class=\"wp-block-uagb-image uagb-block-44a1f397 wp-block-uagb-image--layout-default wp-block-uagb-image--effect-zoomin wp-block-uagb-image--align-none\"><figure class=\"wp-block-uagb-image__figure\"><img decoding=\"async\" srcset=\"https:\/\/nitt.uepa.br\/wp-content\/uploads\/2025\/02\/material-symbols-light_partner-exchange-rounded-2.png ,https:\/\/nitt.uepa.br\/wp-content\/uploads\/2025\/02\/material-symbols-light_partner-exchange-rounded-2.png 780w, https:\/\/nitt.uepa.br\/wp-content\/uploads\/2025\/02\/material-symbols-light_partner-exchange-rounded-2.png 360w\" sizes=\"auto, (max-width: 480px) 150px\" src=\"https:\/\/nitt.uepa.br\/wp-content\/uploads\/2025\/02\/material-symbols-light_partner-exchange-rounded-2.png\" alt=\"\" class=\"uag-image-2706\" width=\"374\" height=\"320\" title=\"\" loading=\"lazy\"\/><\/figure><\/div>\n<\/div>\n\n\n\n<div class=\"wp-block-uagb-container uagb-block-edb2bc69\">\n<h3 class=\"wp-block-heading has-ast-global-color-3-color has-text-color has-link-color wp-elements-b355f2fdad6fbaed8fb3330348308752\" style=\"margin-top:0;margin-bottom:0;font-style:normal;font-weight:700;line-height:1.1\">Transfer\u00eancia de tecnologia<\/h3>\n\n\n\n<p style=\"margin-top:0;margin-bottom:0;padding-top:0;padding-bottom:0;font-size:16px;font-style:normal;font-weight:500\">Se o resultado da pesquisa estiver protegido e se houver um interesse pela sociedade (empresas, \u00f3rg\u00e3os p\u00fablicos, \u00f3rg\u00e3os sem fins lucrativos), o NITT ajudar\u00e1 a fazer essa transfer\u00eancia legalmente de forma que, se for o caso, haja uma justa retribui\u00e7\u00e3o econ\u00f4mica aos inventores e \u00e0 UEPA.<\/p>\n<\/div>\n<\/div>\n\n\n\n<div class=\"wp-block-uagb-container uagb-block-3eae8a7e\">\n<p>Em 02 de dezembro de 2004, o Governo Federal sancionou a Lei da Inova\u00e7\u00e3o n\u00ba 10.973, e em 11 de janeiro de 2016, aprovou o Marco Legal da Ci\u00eancia e Tecnologia, a fim de proteger toda a propriedade intelectual desenvolvida no \u00e2mbito das ICTs e gerir a transfer\u00eancia de tecnologias.<br><br>A Lei de Inova\u00e7\u00e3o e o Marco Legal estabelecem que as Universidades e Institui\u00e7\u00f5es de Pesquisa, disponham de um N\u00facleo de Inova\u00e7\u00e3o e Transfer\u00eancia de Tecnologia (NIT). Em conson\u00e2ncia a Resolu\u00e7\u00e3o n\u00ba 2512\/13 do CONSUN\/UEPA criou o NITT da institui\u00e7\u00e3o. Dessa forma, o referido n\u00facleo encontra-se atualmente diretamente subordinado \u00e0 Diretoria de Inova\u00e7\u00e3o, Transfer\u00eancia Tecnol\u00f3gica e Empreendedorismo (DITTE), sendo esta vinculada \u00e0 Pr\u00f3-Reitora de Pesquisa e P\u00f3s-gradua\u00e7\u00e3o (PROPESP) e tem como<strong><mark style=\"background-color:rgba(0, 0, 0, 0);color:#219cc0\" class=\"has-inline-color\"> miss\u00e3o: <em>promover a adequada prote\u00e7\u00e3o da propriedade intelectual resultante de pesquisas desenvolvidas na Universidade.<\/em>&nbsp;<\/mark><\/strong><\/p>\n<\/div>\n<\/div><\/div>\n\n\n\n<div class=\"wp-block-uagb-container uagb-block-45244ff8 alignfull uagb-is-root-container\"><div class=\"uagb-container__shape uagb-container__shape-bottom uagb-container__invert\" data-negative=\"false\"><svg xmlns=\"https:\/\/www.w3.org\/2000\/svg\" viewBox=\"0 0 1000 100\" preserveAspectRatio=\"none\"><path class=\"uagb-container__shape-fill\" d=\"M0,0c0,0,0,6,0,6.7c0,18,240.2,93.6,615.2,92.6C989.8,98.5,1000,25,1000,6.7c0-0.7,0-6.7,0-6.7H0z\"><\/path><\/svg><\/div><div class=\"uagb-container-inner-blocks-wrap\">\n<div class=\"wp-block-uagb-advanced-heading uagb-block-51f79bf2\"><h1 class=\"uagb-heading-text\">Equipe NITT<\/h1><div class=\"uagb-separator\"><\/div><\/div>\n\n\n\n<div class=\"wp-block-uagb-container uagb-block-80c7ec4a\">\n<div class=\"wp-block-uagb-container uagb-block-3cfffd20\">\n<div class=\"wp-block-uagb-image aligncenter uagb-block-9bb03a62 wp-block-uagb-image--layout-default wp-block-uagb-image--effect-zoomin wp-block-uagb-image--align-center is-style-rounded\"><figure class=\"wp-block-uagb-image__figure\"><img decoding=\"async\" srcset=\"https:\/\/nitt.uepa.br\/wp-content\/uploads\/2026\/03\/Professora-Brena-Atualizacao.png ,https:\/\/nitt.uepa.br\/wp-content\/uploads\/2026\/03\/Professora-Brena-Atualizacao.png 780w, https:\/\/nitt.uepa.br\/wp-content\/uploads\/2026\/03\/Professora-Brena-Atualizacao.png 360w\" sizes=\"auto, (max-width: 480px) 150px\" src=\"https:\/\/nitt.uepa.br\/wp-content\/uploads\/2026\/03\/Professora-Brena-Atualizacao.png\" alt=\"\" class=\"uag-image-3077\" width=\"220\" height=\"220\" title=\"\" loading=\"lazy\"\/><\/figure><\/div>\n\n\n\n<h5 class=\"wp-block-heading has-text-align-center has-ast-global-color-5-color has-text-color has-medium-font-size\" style=\"margin-top:0;margin-bottom:0;font-style:normal;font-weight:700\">Brena Renata Maciel Nazar\u00e9<\/h5>\n\n\n\n<p class=\"has-text-align-center has-ast-global-color-5-color has-text-color has-small-font-size\" style=\"margin-top:0;margin-bottom:0;padding-top:0;padding-bottom:0;font-style:normal;font-weight:400\">Coordenadora Geral<\/p>\n<\/div>\n\n\n\n<div class=\"wp-block-uagb-container uagb-block-b83fcba9\">\n<div class=\"wp-block-uagb-image aligncenter uagb-block-b63c94ce wp-block-uagb-image--layout-default wp-block-uagb-image--effect-zoomin wp-block-uagb-image--align-center is-style-rounded\"><figure class=\"wp-block-uagb-image__figure\"><img decoding=\"async\" srcset=\"https:\/\/nitt.uepa.br\/wp-content\/uploads\/2022\/07\/Juliana-1024x1024.png \" sizes=\"auto, (max-width: 480px) 150px\" src=\"https:\/\/nitt.uepa.br\/wp-content\/uploads\/2022\/07\/Juliana-1024x1024.png\" alt=\"\" width=\"220\" height=\"220\" title=\"\" loading=\"lazy\"\/><\/figure><\/div>\n\n\n\n<h5 class=\"wp-block-heading has-text-align-center has-ast-global-color-5-color has-text-color has-medium-font-size\" style=\"margin-top:0;margin-bottom:0;padding-top:0;padding-bottom:0;font-style:normal;font-weight:700\">Juliana Castelo Branco<\/h5>\n\n\n\n<p class=\"has-text-align-center has-ast-global-color-5-color has-text-color has-small-font-size\" style=\"margin-top:0;margin-bottom:0;padding-top:0;padding-bottom:0;font-style:normal;font-weight:400\">Coordenadora de Divulga\u00e7\u00e3o e Registro de Propriedade Intelectual<\/p>\n<\/div>\n\n\n\n<div class=\"wp-block-uagb-container uagb-block-9493a4af\">\n<div class=\"wp-block-uagb-image aligncenter uagb-block-27f6ed8d wp-block-uagb-image--layout-default wp-block-uagb-image--effect-zoomin wp-block-uagb-image--align-center is-style-rounded\"><figure class=\"wp-block-uagb-image__figure\"><img decoding=\"async\" srcset=\"https:\/\/nitt.uepa.br\/wp-content\/uploads\/2025\/10\/Sem-titulo-1-2-1-1024x1024.png ,https:\/\/nitt.uepa.br\/wp-content\/uploads\/2025\/10\/Sem-titulo-1-2-1.png 780w, https:\/\/nitt.uepa.br\/wp-content\/uploads\/2025\/10\/Sem-titulo-1-2-1.png 360w\" sizes=\"auto, (max-width: 480px) 150px\" src=\"https:\/\/nitt.uepa.br\/wp-content\/uploads\/2025\/10\/Sem-titulo-1-2-1-1024x1024.png\" alt=\"\" class=\"uag-image-3011\" width=\"220\" height=\"220\" title=\"\" loading=\"lazy\"\/><\/figure><\/div>\n\n\n\n<div class=\"wp-block-columns is-layout-flex wp-container-core-columns-is-layout-65eef5bf wp-block-columns-is-layout-flex\">\n<div class=\"wp-block-column is-layout-flow wp-block-column-is-layout-flow\" style=\"flex-basis:100%\">\n<div class=\"wp-block-columns is-layout-flex wp-container-core-columns-is-layout-28f84493 wp-block-columns-is-layout-flex\">\n<div class=\"wp-block-column is-layout-flow wp-block-column-is-layout-flow\">\n<h5 class=\"wp-block-heading has-text-align-center has-ast-global-color-5-color has-text-color has-link-color has-medium-font-size wp-elements-def3a1ae1cd7934da6f99a206120a6df\" style=\"margin-top:0;margin-bottom:0;padding-top:0;padding-right:0;padding-bottom:0;padding-left:0;font-style:normal;font-weight:700\">Kaylane Beatriz Souza Farias<\/h5>\n<\/div>\n<\/div>\n<\/div>\n<\/div>\n\n\n\n<p class=\"has-text-align-center has-ast-global-color-5-color has-text-color has-link-color has-small-font-size wp-elements-92e759d9836757ccfec527f0b21ec127\" style=\"margin-top:0;margin-bottom:0;padding-top:0;padding-bottom:0;font-style:normal;font-weight:400\">Estagi\u00e1ria<\/p>\n<\/div>\n<\/div>\n<\/div><\/div>\n\n\n\n<div class=\"inherit-container-width wp-block-group alignfull has-ast-global-color-5-background-color has-background uag-hide-desktop uag-hide-tab uag-hide-mob is-layout-constrained wp-block-group-is-layout-constrained\">\n<div class=\"wp-block-media-text alignwide is-stacked-on-mobile is-vertically-aligned-top has-ast-global-color-5-background-color has-background\" style=\"margin-top:0;margin-bottom:0;padding-top:var(--wp--preset--spacing--20);padding-bottom:var(--wp--preset--spacing--20);grid-template-columns:30% auto\"><figure class=\"wp-block-media-text__media\"><img loading=\"lazy\" decoding=\"async\" width=\"1024\" height=\"1024\" src=\"https:\/\/nitt.uepa.br\/wp-content\/uploads\/2022\/07\/logo-NITT-original-1024x1024.png\" alt=\"\" class=\"wp-image-757 size-full\" srcset=\"https:\/\/nitt.uepa.br\/wp-content\/uploads\/2022\/07\/logo-NITT-original-1024x1024.png 1024w, https:\/\/nitt.uepa.br\/wp-content\/uploads\/2022\/07\/logo-NITT-original-300x300.png 300w, https:\/\/nitt.uepa.br\/wp-content\/uploads\/2022\/07\/logo-NITT-original-150x150.png 150w, https:\/\/nitt.uepa.br\/wp-content\/uploads\/2022\/07\/logo-NITT-original-768x768.png 768w, https:\/\/nitt.uepa.br\/wp-content\/uploads\/2022\/07\/logo-NITT-original.png 1080w\" sizes=\"auto, (max-width: 1024px) 100vw, 1024px\" \/><\/figure><div class=\"wp-block-media-text__content\">\n<h2 class=\"wp-block-heading has-text-color\" style=\"color:#166a83;font-style:normal;font-weight:800\">Cria\u00e7\u00e3o do Nitt.Uepa<\/h2>\n\n\n\n<p class=\"has-ast-global-color-3-color has-text-color\" style=\"font-style:normal;font-weight:500\">Em 02 de dezembro de 2004, o Governo Federal sancionou a Lei da Inova\u00e7\u00e3o n\u00ba 10.973, e em 11 de janeiro de 2016, aprovou o Marco Legal da Ci\u00eancia e Tecnologia, a fim de proteger toda a propriedade intelectual desenvolvida no \u00e2mbito das ICTs e gerir a transfer\u00eancia de tecnologias.<\/p>\n\n\n\n<p class=\"has-ast-global-color-3-color has-text-color\">A Lei de Inova\u00e7\u00e3o e o Marco Legal estabelecem que as Universidades e Institui\u00e7\u00f5es de Pesquisa, disponham de um N\u00facleo de Inova\u00e7\u00e3o e Transfer\u00eancia de Tecnologia (NIT). Em conson\u00e2ncia a Resolu\u00e7\u00e3o n\u00ba 2512\/13 do CONSUN\/UEPA criou o NITT da institui\u00e7\u00e3o. Dessa forma, o referido n\u00facleo encontra-se atualmente diretamente subordinado \u00e0 Diretoria de Inova\u00e7\u00e3o, Transfer\u00eancia Tecnol\u00f3gica e Empreendedorismo (DITTE), sendo esta vinculada \u00e0 Pr\u00f3-Reitora de Pesquisa e P\u00f3s-gradua\u00e7\u00e3o (PROPESP) e tem como<strong><mark style=\"background-color:rgba(0, 0, 0, 0);color:#219cc0\" class=\"has-inline-color\"> miss\u00e3o: <em>promover a adequada prote\u00e7\u00e3o da propriedade intelectual resultante de pesquisas desenvolvidas na Universidade.<\/em>&nbsp;<\/mark><\/strong><\/p>\n\n\n\n<div class=\"wp-block-columns is-layout-flex wp-container-core-columns-is-layout-ef350914 wp-block-columns-is-layout-flex\" style=\"padding-top:var(--wp--preset--spacing--30);padding-bottom:var(--wp--preset--spacing--30)\">\n<div class=\"wp-block-column is-layout-flow wp-block-column-is-layout-flow\">\n<h4 class=\"wp-block-heading has-text-color\" style=\"color:#166a83;font-style:normal;font-weight:900\">Prote\u00e7\u00e3o das tecnologias<\/h4>\n\n\n\n<p class=\"has-ast-global-color-3-color has-text-color\" style=\"font-style:normal;font-weight:400\">Quando o inventor realiza alguma pesquisa que atenda aos requisitos de: novidade; atividade inventiva e aplica\u00e7\u00e3o industrial, este poder\u00e1 contar com o NITT para proteger a sua tecnologia, de forma adequada, junto ao Instituto Nacional da Propriedade Industrial &#8211; INPI.<\/p>\n<\/div>\n\n\n\n<div class=\"wp-block-column is-layout-flow wp-block-column-is-layout-flow\">\n<h4 class=\"wp-block-heading has-text-color\" style=\"color:#166a83;font-style:normal;font-weight:900\">Transfer\u00eancia de Tecnologia<\/h4>\n\n\n\n<p class=\"has-ast-global-color-3-color has-text-color\">Se o resultado da pesquisa estiver protegido e se houver um interesse pela sociedade (empresas, \u00f3rg\u00e3os p\u00fablicos, \u00f3rg\u00e3os sem fins lucrativos), o NITT ajudar\u00e1 a fazer essa transfer\u00eancia legalmente de forma que, se for o caso, haja uma justa retribui\u00e7\u00e3o econ\u00f4mica aos inventores e \u00e0 UEPA.<\/p>\n<\/div>\n<\/div>\n<\/div><\/div>\n<\/div>\n\n\n\n<div class=\"wp-block-uagb-container uag-hide-desktop uag-hide-tab uag-hide-mob uagb-block-e9be3946 alignfull uagb-is-root-container\"><div class=\"uagb-container-inner-blocks-wrap\">\n<div class=\"wp-block-uagb-advanced-heading uagb-block-07b7a1c7\"><h2 class=\"uagb-heading-text\">Fluxogramas de Processos<\/h2><p class=\"uagb-desc-text\">Entenda mais sobre o como ocorre os pedidos de prote\u00e7\u00e3o das tecnologias solicitadas ao INPI pelo NITT.Uepa:<\/p><\/div>\n\n\n\n<div class=\"wp-block-uagb-container uagb-block-f1ec4d7b\">\n<div class=\"wp-block-uagb-container uagb-block-48fc74d2\">\n<div class=\"wp-block-uagb-image aligncenter uagb-block-ff13494b wp-block-uagb-image--layout-default wp-block-uagb-image--effect-static wp-block-uagb-image--align-center\"><figure class=\"wp-block-uagb-image__figure\"><img decoding=\"async\" srcset=\"https:\/\/nitt.uepa.br\/wp-content\/uploads\/2025\/01\/fluxo_desenho-industrial-1-275x1024.png ,https:\/\/nitt.uepa.br\/wp-content\/uploads\/2025\/01\/fluxo_desenho-industrial-1.png 780w, https:\/\/nitt.uepa.br\/wp-content\/uploads\/2025\/01\/fluxo_desenho-industrial-1.png 360w\" sizes=\"auto, (max-width: 480px) 150px\" src=\"https:\/\/nitt.uepa.br\/wp-content\/uploads\/2025\/01\/fluxo_desenho-industrial-1-275x1024.png\" alt=\"\" class=\"uag-image-2681\" width=\"400\" height=\"600\" title=\"\" loading=\"lazy\"\/><\/figure><\/div>\n\n\n\n<div class=\"wp-block-uagb-container uagb-block-4fca5e21\">\n<div class=\"wp-block-uagb-info-box uagb-block-e3b6bf48 uagb-infobox__content-wrap  uagb-infobox-icon-above-title uagb-infobox-image-valign-top\"><div class=\"uagb-ifb-content\"><div class=\"uagb-ifb-title-wrap\"><h3 class=\"uagb-ifb-title\">Desenho Industrial<\/h3><\/div><div class=\"uagb-ifb-button-wrapper wp-block-button\"><a href=\"https:\/\/nitt.uepa.br\/wp-content\/uploads\/2025\/01\/desenho-industrial.pdf\" class=\"uagb-infobox-cta-link wp-block-button__link\" target=\"_blank\" rel=\"noopener noreferrer\" onclick=\"return true;\" alt=\"\"><span class=\"uagb-inline-editing\">PDF<\/span><\/a><\/div><\/div><\/div>\n<\/div>\n<\/div>\n\n\n\n<div class=\"wp-block-uagb-container uagb-block-45931cc3\">\n<div class=\"wp-block-uagb-image aligncenter uagb-block-5f3be5fc wp-block-uagb-image--layout-default wp-block-uagb-image--effect-static wp-block-uagb-image--align-center\"><figure class=\"wp-block-uagb-image__figure\"><img decoding=\"async\" srcset=\"https:\/\/nitt.uepa.br\/wp-content\/uploads\/2024\/08\/Fluxograma-Patrente-304x1024.png ,https:\/\/nitt.uepa.br\/wp-content\/uploads\/2024\/08\/Fluxograma-Patrente.png 780w, https:\/\/nitt.uepa.br\/wp-content\/uploads\/2024\/08\/Fluxograma-Patrente.png 360w\" sizes=\"auto, (max-width: 480px) 150px\" src=\"https:\/\/nitt.uepa.br\/wp-content\/uploads\/2024\/08\/Fluxograma-Patrente-304x1024.png\" alt=\"\" class=\"uag-image-2386\" width=\"400\" height=\"600\" title=\"\" loading=\"lazy\"\/><\/figure><\/div>\n\n\n\n<div class=\"wp-block-uagb-container uagb-block-9703b13b\">\n<div class=\"wp-block-uagb-info-box uagb-block-2e482087 uagb-infobox__content-wrap  uagb-infobox-icon-above-title uagb-infobox-image-valign-top\"><div class=\"uagb-ifb-content\"><div class=\"uagb-ifb-title-wrap\"><h3 class=\"uagb-ifb-title\">Patente<\/h3><\/div><div class=\"uagb-ifb-button-wrapper wp-block-button\"><a href=\"https:\/\/nitt.uepa.br\/wp-content\/uploads\/2024\/08\/Fluxograma-Patrente.pdf\" class=\"uagb-infobox-cta-link wp-block-button__link\" target=\"_blank\" rel=\"noopener noreferrer\" onclick=\"return true;\" alt=\"\"><span class=\"uagb-inline-editing\">PDF<\/span><\/a><\/div><\/div><\/div>\n<\/div>\n<\/div>\n\n\n\n<div class=\"wp-block-uagb-container uagb-block-5ce2af6d\">\n<div class=\"wp-block-uagb-image aligncenter uagb-block-3afae103 wp-block-uagb-image--layout-default wp-block-uagb-image--effect-static wp-block-uagb-image--align-center\"><figure class=\"wp-block-uagb-image__figure\"><img decoding=\"async\" srcset=\"https:\/\/nitt.uepa.br\/wp-content\/uploads\/2024\/08\/Fluxograma-Programa-de-Computador-320x1024.png ,https:\/\/nitt.uepa.br\/wp-content\/uploads\/2024\/08\/Fluxograma-Programa-de-Computador.png 780w, https:\/\/nitt.uepa.br\/wp-content\/uploads\/2024\/08\/Fluxograma-Programa-de-Computador-320x1024.png 360w\" sizes=\"auto, (max-width: 480px) 150px\" src=\"https:\/\/nitt.uepa.br\/wp-content\/uploads\/2024\/08\/Fluxograma-Programa-de-Computador-320x1024.png\" alt=\"\" class=\"uag-image-2385\" width=\"400\" height=\"600\" title=\"\" loading=\"lazy\"\/><\/figure><\/div>\n\n\n\n<div class=\"wp-block-uagb-container uagb-block-86f65748\">\n<div class=\"wp-block-uagb-info-box uagb-block-41d93192 uagb-infobox__content-wrap  uagb-infobox-icon-above-title uagb-infobox-image-valign-top\"><div class=\"uagb-ifb-content\"><div class=\"uagb-ifb-title-wrap\"><h3 class=\"uagb-ifb-title\">Programa de Computador<\/h3><\/div><div class=\"uagb-ifb-button-wrapper wp-block-button\"><a href=\"https:\/\/nitt.uepa.br\/wp-content\/uploads\/2024\/08\/Fluxograma-Programa-de-Computador.pdf\" class=\"uagb-infobox-cta-link wp-block-button__link\" target=\"_blank\" rel=\"noopener noreferrer\" onclick=\"return true;\" alt=\"\"><span class=\"uagb-inline-editing\">PDF<\/span><\/a><\/div><\/div><\/div>\n<\/div>\n<\/div>\n<\/div>\n<\/div><\/div>\n","protected":false},"excerpt":{"rendered":"<p>Sobre O NITT protege as cria\u00e7\u00f5es da UEPA e torna a Propriedade intelectual f\u00e1cil de entender e praticar. Al\u00e9m disso, ajudamos inventores&nbsp;a protegerem o resultado de suas pesquisas atrav\u00e9s de patentes, programa de computador ou desenho industrial.Tamb\u00e9m&nbsp;ajudamos investidores&nbsp;a licenciarem tecnologias nas quais viram potencial. Prote\u00e7\u00e3o de tecnologias Quando o inventor realiza alguma pesquisa que atenda &hellip;<\/p>\n<p class=\"read-more\"> <a class=\"\" href=\"https:\/\/nitt.uepa.br\/index.php\/sobre\/\"> <span class=\"screen-reader-text\">Sobre<\/span> Leia mais &raquo;<\/a><\/p>\n","protected":false},"author":2,"featured_media":0,"parent":0,"menu_order":0,"comment_status":"closed","ping_status":"closed","template":"","meta":{"_uag_custom_page_level_css":"","site-sidebar-layout":"default","site-content-layout":"","ast-site-content-layout":"default","site-content-style":"default","site-sidebar-style":"default","ast-global-header-display":"","ast-banner-title-visibility":"","ast-main-header-display":"","ast-hfb-above-header-display":"","ast-hfb-below-header-display":"","ast-hfb-mobile-header-display":"","site-post-title":"disabled","ast-breadcrumbs-content":"","ast-featured-img":"","footer-sml-layout":"","theme-transparent-header-meta":"","adv-header-id-meta":"","stick-header-meta":"","header-above-stick-meta":"","header-main-stick-meta":"","header-below-stick-meta":"","astra-migrate-meta-layouts":"set","ast-page-background-enabled":"default","ast-page-background-meta":{"desktop":{"background-color":"var(--ast-global-color-4)","background-image":"","background-repeat":"repeat","background-position":"center center","background-size":"auto","background-attachment":"scroll","background-type":"","background-media":"","overlay-type":"","overlay-color":"","overlay-gradient":""},"tablet":{"background-color":"","background-image":"","background-repeat":"repeat","background-position":"center center","background-size":"auto","background-attachment":"scroll","background-type":"","background-media":"","overlay-type":"","overlay-color":"","overlay-gradient":""},"mobile":{"background-color":"","background-image":"","background-repeat":"repeat","background-position":"center center","background-size":"auto","background-attachment":"scroll","background-type":"","background-media":"","overlay-type":"","overlay-color":"","overlay-gradient":""}},"ast-content-background-meta":{"desktop":{"background-color":"var(--ast-global-color-5)","background-image":"","background-repeat":"repeat","background-position":"center center","background-size":"auto","background-attachment":"scroll","background-type":"","background-media":"","overlay-type":"","overlay-color":"","overlay-gradient":""},"tablet":{"background-color":"var(--ast-global-color-5)","background-image":"","background-repeat":"repeat","background-position":"center center","background-size":"auto","background-attachment":"scroll","background-type":"","background-media":"","overlay-type":"","overlay-color":"","overlay-gradient":""},"mobile":{"background-color":"var(--ast-global-color-5)","background-image":"","background-repeat":"repeat","background-position":"center center","background-size":"auto","background-attachment":"scroll","background-type":"","background-media":"","overlay-type":"","overlay-color":"","overlay-gradient":""}},"footnotes":""},"class_list":["post-639","page","type-page","status-publish","hentry"],"uagb_featured_image_src":{"full":false,"thumbnail":false,"medium":false,"medium_large":false,"large":false,"1536x1536":false,"2048x2048":false},"uagb_author_info":{"display_name":"adminsites@uepa.br","author_link":"https:\/\/nitt.uepa.br\/index.php\/author\/adminsitesuepa-br\/"},"uagb_comment_info":0,"uagb_excerpt":"Sobre O NITT protege as cria\u00e7\u00f5es da UEPA e torna a Propriedade intelectual f\u00e1cil de entender e praticar. Al\u00e9m disso, ajudamos inventores&nbsp;a protegerem o resultado de suas pesquisas atrav\u00e9s de patentes, programa de computador ou desenho industrial.Tamb\u00e9m&nbsp;ajudamos investidores&nbsp;a licenciarem tecnologias nas quais viram potencial. Prote\u00e7\u00e3o de tecnologias Quando o inventor realiza alguma pesquisa que atenda&hellip;","_links":{"self":[{"href":"https:\/\/nitt.uepa.br\/index.php\/wp-json\/wp\/v2\/pages\/639","targetHints":{"allow":["GET"]}}],"collection":[{"href":"https:\/\/nitt.uepa.br\/index.php\/wp-json\/wp\/v2\/pages"}],"about":[{"href":"https:\/\/nitt.uepa.br\/index.php\/wp-json\/wp\/v2\/types\/page"}],"author":[{"embeddable":true,"href":"https:\/\/nitt.uepa.br\/index.php\/wp-json\/wp\/v2\/users\/2"}],"replies":[{"embeddable":true,"href":"https:\/\/nitt.uepa.br\/index.php\/wp-json\/wp\/v2\/comments?post=639"}],"version-history":[{"count":53,"href":"https:\/\/nitt.uepa.br\/index.php\/wp-json\/wp\/v2\/pages\/639\/revisions"}],"predecessor-version":[{"id":3079,"href":"https:\/\/nitt.uepa.br\/index.php\/wp-json\/wp\/v2\/pages\/639\/revisions\/3079"}],"wp:attachment":[{"href":"https:\/\/nitt.uepa.br\/index.php\/wp-json\/wp\/v2\/media?parent=639"}],"curies":[{"name":"wp","href":"https:\/\/api.w.org\/{rel}","templated":true}]}}